{"id":327,"date":"2013-07-18T11:11:51","date_gmt":"2013-07-18T11:11:51","guid":{"rendered":"http:\/\/www.agevp.com\/wordpress\/vn\/?page_id=327"},"modified":"2013-07-18T22:15:33","modified_gmt":"2013-07-18T22:15:33","slug":"blog-nhan-ban","status":"publish","type":"page","link":"https:\/\/www.agevp.com\/wordpress\/vn\/nhan-b%e1%ba%a3n\/blog-nhan-ban\/","title":{"rendered":"Blog Nh\u00e2n B\u1ea3n"},"content":{"rendered":"<p>K\u1ec3 t\u1eeb ng\u00e0y 30 th\u00e1ng 6 n\u0103m 2013, m\u1ed7i tu\u1ea7n c\u00e1c b\u1ea1n s\u1ebd kh\u00e1m ph\u00e1 c\u00e1i b\u00e0i x\u00e3 lu\u1eadn ch\u01b0a \u0111\u01b0\u1ee3c \u0111\u0103ng t\u1ea3i tr\u00ean Nh\u00e2n B\u1ea3n &#8220;gi\u1ea5y&#8221; (<a title=\"Blog Nh\u00e2n B\u1ea3n\" href=\"http:\/\/www.nhanban-blog.com\/\" target=\"_blank\">http:\/\/www.nhanban-blog.com\/<\/a>)<\/p>\n<p><a href=\"http:\/\/www.agevp.com\/wordpress\/vn\/files\/2013\/07\/nhanban-logo.png\"><img decoding=\"async\" loading=\"lazy\" class=\"size-full wp-image-328 alignleft\" alt=\"logo-serpent-198x198\" src=\"http:\/\/www.agevp.com\/wordpress\/vn\/files\/2013\/07\/logo-serpent-198x198.png\" width=\"198\" height=\"198\" srcset=\"https:\/\/www.agevp.com\/wordpress\/vn\/files\/2013\/07\/logo-serpent-198x198.png 198w, https:\/\/www.agevp.com\/wordpress\/vn\/files\/2013\/07\/logo-serpent-198x198-150x150.png 150w\" sizes=\"(max-width: 198px) 100vw, 198px\" \/><img decoding=\"async\" loading=\"lazy\" class=\"size-full wp-image-329 alignleft\" alt=\"nhanban-logo\" src=\"http:\/\/www.agevp.com\/wordpress\/vn\/files\/2013\/07\/nhanban-logo.png\" width=\"180\" height=\"100\" \/><\/a><\/p>\n<p>&nbsp;<\/p>\n<p>&nbsp;<\/p>\n<p>&nbsp;<\/p>\n<p>&nbsp;<\/p>\n<p>&nbsp;<\/p>\n<p>Trong tu\u1ea7n \u0111\u1ea7u ti\u00ean n\u00e0y, ch\u00fang t\u00f4i m\u1eddi b\u1ea1n tham gia v\u00e0o m\u1ed9t cu\u1ed9c kh\u1ea3o s\u00e1t ng\u1eafn v\u00e0 b\u1ecf phi\u1ebfu cho c\u00e1c b\u00e0i b\u1ea1n y\u00eau th\u00edch \u0111\u01b0\u1ee3c xu\u1ea5t b\u1ea3n tr\u00ean b\u00e1o Xu\u00e2n Nh\u00e2n B\u1ea3n.<\/p>\n<p><a title=\"Nh\u00e2n B\u1ea3n - B\u1ecf phi\u1ebfu\" href=\"http:\/\/www.nhanban-blog.com\/2013\/07\/06\/votez-pour-vos-articles-preferes-du-nhan-ban-xuan\/\" target=\"_blank\">Nh\u00e2n B\u1ea3n &#8211;\u00a0B\u1ecf phi\u1ebfu<\/a><\/p>\n","protected":false},"excerpt":{"rendered":"<p>K\u1ec3 t\u1eeb ng\u00e0y 30 th\u00e1ng 6 n\u0103m 2013, m\u1ed7i tu\u1ea7n c\u00e1c b\u1ea1n s\u1ebd kh\u00e1m ph\u00e1 c\u00e1i b\u00e0i x\u00e3 lu\u1eadn ch\u01b0a \u0111\u01b0\u1ee3c \u0111\u0103ng t\u1ea3i tr\u00ean Nh\u00e2n B\u1ea3n &#8220;gi\u1ea5y&#8221; (http:\/\/www.nhanban-blog.com\/) &nbsp; &nbsp; &nbsp; &nbsp; &nbsp; Trong tu\u1ea7n \u0111\u1ea7u ti\u00ean n\u00e0y, ch\u00fang t\u00f4i m\u1eddi b\u1ea1n tham gia v\u00e0o m\u1ed9t cu\u1ed9c kh\u1ea3o s\u00e1t ng\u1eafn v\u00e0 b\u1ecf phi\u1ebfu cho c\u00e1c<a href=\"https:\/\/www.agevp.com\/wordpress\/vn\/nhan-b%e1%ba%a3n\/blog-nhan-ban\/\">[&#8230;]<\/a><\/p>\n","protected":false},"author":1,"featured_media":0,"parent":121,"menu_order":0,"comment_status":"closed","ping_status":"open","template":"","meta":[],"_links":{"self":[{"href":"https:\/\/www.agevp.com\/wordpress\/vn\/wp-json\/wp\/v2\/pages\/327"}],"collection":[{"href":"https:\/\/www.agevp.com\/wordpress\/vn\/wp-json\/wp\/v2\/pages"}],"about":[{"href":"https:\/\/www.agevp.com\/wordpress\/vn\/wp-json\/wp\/v2\/types\/page"}],"author":[{"embeddable":true,"href":"https:\/\/www.agevp.com\/wordpress\/vn\/wp-json\/wp\/v2\/users\/1"}],"replies":[{"embeddable":true,"href":"https:\/\/www.agevp.com\/wordpress\/vn\/wp-json\/wp\/v2\/comments?post=327"}],"version-history":[{"count":12,"href":"https:\/\/www.agevp.com\/wordpress\/vn\/wp-json\/wp\/v2\/pages\/327\/revisions"}],"predecessor-version":[{"id":336,"href":"https:\/\/www.agevp.com\/wordpress\/vn\/wp-json\/wp\/v2\/pages\/327\/revisions\/336"}],"up":[{"embeddable":true,"href":"https:\/\/www.agevp.com\/wordpress\/vn\/wp-json\/wp\/v2\/pages\/121"}],"wp:attachment":[{"href":"https:\/\/www.agevp.com\/wordpress\/vn\/wp-json\/wp\/v2\/media?parent=327"}],"curies":[{"name":"wp","href":"https:\/\/api.w.org\/{rel}","templated":true}]}}